{"id":1542,"date":"2015-07-24T11:12:45","date_gmt":"2015-07-24T09:12:45","guid":{"rendered":"https:\/\/www.trend4ward.de\/trendblog\/?page_id=1542"},"modified":"2017-10-26T13:44:44","modified_gmt":"2017-10-26T11:44:44","slug":"mitmachen","status":"publish","type":"page","link":"https:\/\/www.trend4ward.de\/trendblog\/mitmachen\/","title":{"rendered":"Mitmachen"},"content":{"rendered":"<p>Sie kennen einen tollen <strong>Tipp f\u00fcr die Einrichtung<\/strong>? M\u00f6chten \u00fcber <strong>Wohntrends<\/strong> berichten? Oder vielleicht auch von Ihren <strong>Reiseerlebnissen<\/strong> in Deutschland oder in der ganzen Welt erz\u00e4hlen? Sie kennen sich aus bei allgemeinen <strong>Lifestyle-Trends<\/strong> oder auch zu speziellen Themen wie <strong>nachhaltiger Konsum<\/strong>&nbsp;oder <strong>gesellschaftlicher Wandel<\/strong>?<\/p>\n<h2>&nbsp;<\/h2>\n<h2>Dann ver\u00f6ffentlichen Sie Ihren Beitrag auf dem trendBlog!<\/h2>\n<p>&nbsp;<\/p>\n<p><strong><a href=\"https:\/\/www.trend4ward.de\/trendblog\/kontakt\/\">Schicken Sie mir einfach Ihren Themenvorschlag!<\/a><\/strong><\/p>\n<p><strong>Sie bekommen schnellstm\u00f6glich eine Antwort von mir!<\/strong><\/p>\n<p>&nbsp;<\/p>\n\r<div class=\"GARD gard_basic_mode\" id=\"google-ads-nKh3\"><script >\radUnit = document.getElementById(\"google-ads-nKh3\");\radWidth = adUnit.offsetWidth;\r\rif ( adWidth >= 999999 ) {\r\/* GETTING THE FIRST IF OUT OF THE WAY *\/ \r} else {\rgoogle_ad_slot = \"0\";\radUnit.style.display = \"none\";\r}\radUnit.className = adUnit.className + \" ad_unit \" + tag;\rgoogle_ad_client = \"ca-pub-6170969419645551\";\radUnit.style.cssFloat  = \"left\";\radUnit.style.styleFloat  = \"left\";\radUnit.style.margin = \"0 10px 10px 0\";\radUnit.style.textAlign = \"initial\";\rgoogle_color_border = \"FFFFFF\";\rgoogle_color_bg = \"FFFFFF\";\rgoogle_color_link = \"999999\";\rgoogle_color_url = \"99cc33\";\rgoogle_color_text = \"666666\";\rgoogle_ui_features = \"rc:\";\r<\/script>\r<script  src=\"\/\/pagead2.googlesyndication.com\/pagead\/show_ads.js\"><\/script>\r<\/div>\n<p>&nbsp;<\/p>\n","protected":false},"excerpt":{"rendered":"<p>Sie kennen einen tollen Tipp f\u00fcr die Einrichtung? M\u00f6chten \u00fcber Wohntrends berichten? Oder vielleicht auch von Ihren Reiseerlebnissen in Deutschland oder in der ganzen Welt erz\u00e4hlen? Sie kennen sich aus bei allgemeinen Lifestyle-Trends oder auch zu speziellen Themen wie nachhaltiger Konsum&nbsp;oder gesellschaftlicher Wandel? &nbsp; Dann ver\u00f6ffentlichen Sie Ihren Beitrag auf dem trendBlog! &nbsp; Schicken Sie&hellip;&nbsp;<a href=\"https:\/\/www.trend4ward.de\/trendblog\/mitmachen\/\" rel=\"bookmark\">Weiterlesen &raquo;<span class=\"screen-reader-text\">Mitmachen<\/span><\/a><\/p>\n","protected":false},"author":1,"featured_media":0,"parent":0,"menu_order":0,"comment_status":"closed","ping_status":"closed","template":"","meta":{"om_disable_all_campaigns":false,"_monsterinsights_skip_tracking":false,"_monsterinsights_sitenote_active":false,"_monsterinsights_sitenote_note":"","_monsterinsights_sitenote_category":0,"_uf_show_specific_survey":0,"_uf_disable_surveys":false,"neve_meta_sidebar":"","neve_meta_container":"","neve_meta_enable_content_width":"","neve_meta_content_width":0,"neve_meta_title_alignment":"","neve_meta_author_avatar":"","neve_post_elements_order":"","neve_meta_disable_header":"","neve_meta_disable_footer":"","neve_meta_disable_title":"","ngg_post_thumbnail":0,"footnotes":""},"class_list":["post-1542","page","type-page","status-publish","hentry"],"yoast_head":"<!-- This site is optimized with the Yoast SEO plugin v27.4 - https:\/\/yoast.com\/product\/yoast-seo-wordpress\/ -->\n<title>Mitmachen &#8226; trendBlog \u2013 Wohnen, Reisen, Leben und Kultur<\/title>\n<meta name=\"description\" content=\"Mitmachen: Ver\u00f6ffentlichen Sie Ihren Beitrag auf dem trendBlog von trend4ward! Senden Sie einfach Ihren Themenvorschlag.\" \/>\n<meta name=\"robots\" content=\"index, follow, max-snippet:-1, max-image-preview:large, max-video-preview:-1\" \/>\n<link rel=\"canonical\" href=\"https:\/\/www.trend4ward.de\/trendblog\/mitmachen\/\" \/>\n<meta property=\"og:locale\" content=\"de_DE\" \/>\n<meta property=\"og:type\" content=\"article\" \/>\n<meta property=\"og:title\" content=\"Mitmachen &#8226; trendBlog \u2013 Wohnen, Reisen, Leben und Kultur\" \/>\n<meta property=\"og:description\" content=\"Mitmachen: Ver\u00f6ffentlichen Sie Ihren Beitrag auf dem trendBlog von trend4ward! Senden Sie einfach Ihren Themenvorschlag.\" \/>\n<meta property=\"og:url\" content=\"https:\/\/www.trend4ward.de\/trendblog\/mitmachen\/\" \/>\n<meta property=\"og:site_name\" content=\"trendBlog \u2013 Wohnen, Reisen, Leben und Kultur\" \/>\n<meta property=\"article:modified_time\" content=\"2017-10-26T11:44:44+00:00\" \/>\n<script type=\"application\/ld+json\" class=\"yoast-schema-graph\">{\"@context\":\"https:\\\/\\\/schema.org\",\"@graph\":[{\"@type\":[\"WebPage\",\"CollectionPage\"],\"@id\":\"https:\\\/\\\/www.trend4ward.de\\\/trendblog\\\/mitmachen\\\/\",\"url\":\"https:\\\/\\\/www.trend4ward.de\\\/trendblog\\\/mitmachen\\\/\",\"name\":\"Mitmachen &#8226; trendBlog \u2013 Wohnen, Reisen, Leben und Kultur\",\"isPartOf\":{\"@id\":\"https:\\\/\\\/www.trend4ward.de\\\/trendblog\\\/#website\"},\"datePublished\":\"2015-07-24T09:12:45+00:00\",\"dateModified\":\"2017-10-26T11:44:44+00:00\",\"description\":\"Mitmachen: Ver\u00f6ffentlichen Sie Ihren Beitrag auf dem trendBlog von trend4ward! Senden Sie einfach Ihren Themenvorschlag.\",\"breadcrumb\":{\"@id\":\"https:\\\/\\\/www.trend4ward.de\\\/trendblog\\\/mitmachen\\\/#breadcrumb\"},\"inLanguage\":\"de\"},{\"@type\":\"BreadcrumbList\",\"@id\":\"https:\\\/\\\/www.trend4ward.de\\\/trendblog\\\/mitmachen\\\/#breadcrumb\",\"itemListElement\":[{\"@type\":\"ListItem\",\"position\":1,\"name\":\"Home\",\"item\":\"https:\\\/\\\/www.trend4ward.de\\\/trendblog\\\/\"},{\"@type\":\"ListItem\",\"position\":2,\"name\":\"Mitmachen\"}]},{\"@type\":\"WebSite\",\"@id\":\"https:\\\/\\\/www.trend4ward.de\\\/trendblog\\\/#website\",\"url\":\"https:\\\/\\\/www.trend4ward.de\\\/trendblog\\\/\",\"name\":\"trendBlog \u2013 Wohnen, Reisen, Leben und Kultur\",\"description\":\"Portr\u00e4ts, Reportagen, Ratgeber. Seit 2009. Von Evelyn Steinbach.\",\"publisher\":{\"@id\":\"https:\\\/\\\/www.trend4ward.de\\\/trendblog\\\/#\\\/schema\\\/person\\\/c65dd8afd2fda04893d121f31b2a8ea4\"},\"potentialAction\":[{\"@type\":\"SearchAction\",\"target\":{\"@type\":\"EntryPoint\",\"urlTemplate\":\"https:\\\/\\\/www.trend4ward.de\\\/trendblog\\\/?s={search_term_string}\"},\"query-input\":{\"@type\":\"PropertyValueSpecification\",\"valueRequired\":true,\"valueName\":\"search_term_string\"}}],\"inLanguage\":\"de\"},{\"@type\":[\"Person\",\"Organization\"],\"@id\":\"https:\\\/\\\/www.trend4ward.de\\\/trendblog\\\/#\\\/schema\\\/person\\\/c65dd8afd2fda04893d121f31b2a8ea4\",\"name\":\"Evelyn Steinbach\",\"image\":{\"@type\":\"ImageObject\",\"inLanguage\":\"de\",\"@id\":\"https:\\\/\\\/www.trend4ward.de\\\/trendblog\\\/wp-content\\\/uploads\\\/2020\\\/11\\\/cropped-cropped-IMG_6744-e1692617617527.png\",\"url\":\"https:\\\/\\\/www.trend4ward.de\\\/trendblog\\\/wp-content\\\/uploads\\\/2020\\\/11\\\/cropped-cropped-IMG_6744-e1692617617527.png\",\"contentUrl\":\"https:\\\/\\\/www.trend4ward.de\\\/trendblog\\\/wp-content\\\/uploads\\\/2020\\\/11\\\/cropped-cropped-IMG_6744-e1692617617527.png\",\"width\":200,\"height\":183,\"caption\":\"Evelyn Steinbach\"},\"logo\":{\"@id\":\"https:\\\/\\\/www.trend4ward.de\\\/trendblog\\\/wp-content\\\/uploads\\\/2020\\\/11\\\/cropped-cropped-IMG_6744-e1692617617527.png\"},\"sameAs\":[\"http:\\\/\\\/www.trend4ward.de\"]}]}<\/script>\n<!-- \/ Yoast SEO plugin. -->","yoast_head_json":{"title":"Mitmachen &#8226; trendBlog \u2013 Wohnen, Reisen, Leben und Kultur","description":"Mitmachen: Ver\u00f6ffentlichen Sie Ihren Beitrag auf dem trendBlog von trend4ward! Senden Sie einfach Ihren Themenvorschlag.","robots":{"index":"index","follow":"follow","max-snippet":"max-snippet:-1","max-image-preview":"max-image-preview:large","max-video-preview":"max-video-preview:-1"},"canonical":"https:\/\/www.trend4ward.de\/trendblog\/mitmachen\/","og_locale":"de_DE","og_type":"article","og_title":"Mitmachen &#8226; trendBlog \u2013 Wohnen, Reisen, Leben und Kultur","og_description":"Mitmachen: Ver\u00f6ffentlichen Sie Ihren Beitrag auf dem trendBlog von trend4ward! Senden Sie einfach Ihren Themenvorschlag.","og_url":"https:\/\/www.trend4ward.de\/trendblog\/mitmachen\/","og_site_name":"trendBlog \u2013 Wohnen, Reisen, Leben und Kultur","article_modified_time":"2017-10-26T11:44:44+00:00","schema":{"@context":"https:\/\/schema.org","@graph":[{"@type":["WebPage","CollectionPage"],"@id":"https:\/\/www.trend4ward.de\/trendblog\/mitmachen\/","url":"https:\/\/www.trend4ward.de\/trendblog\/mitmachen\/","name":"Mitmachen &#8226; trendBlog \u2013 Wohnen, Reisen, Leben und Kultur","isPartOf":{"@id":"https:\/\/www.trend4ward.de\/trendblog\/#website"},"datePublished":"2015-07-24T09:12:45+00:00","dateModified":"2017-10-26T11:44:44+00:00","description":"Mitmachen: Ver\u00f6ffentlichen Sie Ihren Beitrag auf dem trendBlog von trend4ward! Senden Sie einfach Ihren Themenvorschlag.","breadcrumb":{"@id":"https:\/\/www.trend4ward.de\/trendblog\/mitmachen\/#breadcrumb"},"inLanguage":"de"},{"@type":"BreadcrumbList","@id":"https:\/\/www.trend4ward.de\/trendblog\/mitmachen\/#breadcrumb","itemListElement":[{"@type":"ListItem","position":1,"name":"Home","item":"https:\/\/www.trend4ward.de\/trendblog\/"},{"@type":"ListItem","position":2,"name":"Mitmachen"}]},{"@type":"WebSite","@id":"https:\/\/www.trend4ward.de\/trendblog\/#website","url":"https:\/\/www.trend4ward.de\/trendblog\/","name":"trendBlog \u2013 Wohnen, Reisen, Leben und Kultur","description":"Portr\u00e4ts, Reportagen, Ratgeber. Seit 2009. Von Evelyn Steinbach.","publisher":{"@id":"https:\/\/www.trend4ward.de\/trendblog\/#\/schema\/person\/c65dd8afd2fda04893d121f31b2a8ea4"},"potentialAction":[{"@type":"SearchAction","target":{"@type":"EntryPoint","urlTemplate":"https:\/\/www.trend4ward.de\/trendblog\/?s={search_term_string}"},"query-input":{"@type":"PropertyValueSpecification","valueRequired":true,"valueName":"search_term_string"}}],"inLanguage":"de"},{"@type":["Person","Organization"],"@id":"https:\/\/www.trend4ward.de\/trendblog\/#\/schema\/person\/c65dd8afd2fda04893d121f31b2a8ea4","name":"Evelyn Steinbach","image":{"@type":"ImageObject","inLanguage":"de","@id":"https:\/\/www.trend4ward.de\/trendblog\/wp-content\/uploads\/2020\/11\/cropped-cropped-IMG_6744-e1692617617527.png","url":"https:\/\/www.trend4ward.de\/trendblog\/wp-content\/uploads\/2020\/11\/cropped-cropped-IMG_6744-e1692617617527.png","contentUrl":"https:\/\/www.trend4ward.de\/trendblog\/wp-content\/uploads\/2020\/11\/cropped-cropped-IMG_6744-e1692617617527.png","width":200,"height":183,"caption":"Evelyn Steinbach"},"logo":{"@id":"https:\/\/www.trend4ward.de\/trendblog\/wp-content\/uploads\/2020\/11\/cropped-cropped-IMG_6744-e1692617617527.png"},"sameAs":["http:\/\/www.trend4ward.de"]}]}},"jetpack_sharing_enabled":true,"_links":{"self":[{"href":"https:\/\/www.trend4ward.de\/trendblog\/wp-json\/wp\/v2\/pages\/1542","targetHints":{"allow":["GET"]}}],"collection":[{"href":"https:\/\/www.trend4ward.de\/trendblog\/wp-json\/wp\/v2\/pages"}],"about":[{"href":"https:\/\/www.trend4ward.de\/trendblog\/wp-json\/wp\/v2\/types\/page"}],"author":[{"embeddable":true,"href":"https:\/\/www.trend4ward.de\/trendblog\/wp-json\/wp\/v2\/users\/1"}],"replies":[{"embeddable":true,"href":"https:\/\/www.trend4ward.de\/trendblog\/wp-json\/wp\/v2\/comments?post=1542"}],"version-history":[{"count":7,"href":"https:\/\/www.trend4ward.de\/trendblog\/wp-json\/wp\/v2\/pages\/1542\/revisions"}],"predecessor-version":[{"id":4074,"href":"https:\/\/www.trend4ward.de\/trendblog\/wp-json\/wp\/v2\/pages\/1542\/revisions\/4074"}],"wp:attachment":[{"href":"https:\/\/www.trend4ward.de\/trendblog\/wp-json\/wp\/v2\/media?parent=1542"}],"curies":[{"name":"wp","href":"https:\/\/api.w.org\/{rel}","templated":true}]}}